{"id":2914,"date":"2017-11-17T13:06:40","date_gmt":"2017-11-17T12:06:40","guid":{"rendered":"https:\/\/www.jurati.de\/sven-hasse\/"},"modified":"2026-04-25T12:01:55","modified_gmt":"2026-04-25T10:01:55","slug":"sven-hasse","status":"publish","type":"page","link":"https:\/\/www.jurati.de\/en\/sven-hasse\/","title":{"rendered":"Sven Hasse"},"content":{"rendered":"<div class=\"wpb-content-wrapper\"><p>[vc_row][vc_column css_animation=&#8221;none&#8221; css=&#8221;.vc_custom_1511271405417{margin-top: -30px !important;padding-top: 0px !important;}&#8221;][vc_column_text css=&#8221;&#8221;]<\/p>\n<h2>Lawyer Sven Hasse<br \/>\nSpecialist lawyer for immigration law<\/h2>\n<h2><img loading=\"lazy\" decoding=\"async\" class=\"alignleft wp-image-1852 size-large\" src=\"https:\/\/www.jurati.de\/wp-content\/uploads\/2022\/07\/Sven-Hasse-1024x682.jpg\" alt=\"Lawyer Sven Hasse\" width=\"525\" height=\"350\" srcset=\"https:\/\/www.jurati.de\/wp-content\/uploads\/2022\/07\/Sven-Hasse-1024x682.jpg 1024w, https:\/\/www.jurati.de\/wp-content\/uploads\/2022\/07\/Sven-Hasse-300x200.jpg 300w, https:\/\/www.jurati.de\/wp-content\/uploads\/2022\/07\/Sven-Hasse-768x512.jpg 768w, https:\/\/www.jurati.de\/wp-content\/uploads\/2022\/07\/Sven-Hasse-1536x1024.jpg 1536w, https:\/\/www.jurati.de\/wp-content\/uploads\/2022\/07\/Sven-Hasse.jpg 1772w\" sizes=\"auto, (max-width: 525px) 100vw, 525px\" \/><\/h2>\n<p>&nbsp;<\/p>\n<p><a href=\"https:\/\/www.jurati.de\/en\/migration-law\/\">Migration law<\/a>[\/vc_column_text][\/vc_column][\/vc_row][vc_row][vc_column][vc_column_text css_animation=&#8221;bounceInRight&#8221; css=&#8221;.vc_custom_1777111294234{padding-top: 20px !important;}&#8221;]<\/p>\n<table width=\"100%\">\n<tbody>\n<tr>\n<td valign=\"top\" width=\"25%\">1970<\/td>\n<td width=\"75%\">Born in Dortmund<\/td>\n<\/tr>\n<tr>\n<td valign=\"top\" width=\"25%\">1990<\/td>\n<td width=\"75%\">A-levels in Dortmund<\/td>\n<\/tr>\n<tr>\n<td valign=\"top\" width=\"25%\">1992 &#8211; 1997<\/td>\n<td width=\"75%\">Studied law in Trier, Seville and Freiburg<\/td>\n<\/tr>\n<tr>\n<td valign=\"top\" width=\"25%\">1997<\/td>\n<td width=\"75%\">First state examination in law in Freiburg<\/td>\n<\/tr>\n<tr>\n<td valign=\"top\" width=\"25%\">1998 &#8211; 2000<\/td>\n<td width=\"75%\">Legal traineeship in Berlin<\/td>\n<\/tr>\n<tr>\n<td width=\"25%\"><\/td>\n<td width=\"75%\"><i>Training focus:<\/i> Administrative law<br \/>\n<i>Positions:<\/i> German Consulate General in Barcelona, Berlin Integration Commissioner, law firms specializing in migration law<\/td>\n<\/tr>\n<tr>\n<td valign=\"top\" width=\"25%\">2000<\/td>\n<td width=\"75%\">Second state examination in law<\/td>\n<\/tr>\n<tr>\n<td valign=\"top\" width=\"25%\">2000<\/td>\n<td width=\"75%\">Admission to the bar<\/td>\n<\/tr>\n<tr>\n<td valign=\"top\" width=\"25%\">2008 &#8211; 2025<\/td>\n<td width=\"75%\">Specialist lawyer for administrative law<\/td>\n<\/tr>\n<tr>\n<td valign=\"top\" width=\"25%\">since 2017<\/td>\n<td width=\"75%\">Specialist lawyer for immigration law<\/td>\n<\/tr>\n<tr>\n<td valign=\"top\" width=\"25%\"><i><u>Memberships:<\/u><\/i><\/td>\n<td width=\"75%\">\n<ul>\n<li><a href=\"http:\/\/www.anwaltverein.de\/\" target=\"_blank\" rel=\"noopener noreferrer\">German Bar Association<\/a><\/li>\n<li><a href=\"http:\/\/www.rak-berlin.de\/\" target=\"_blank\" rel=\"noopener noreferrer\">Berlin Bar Association,<\/a><\/li>\n<li>Co-founder and operator of the legal case law portal &#8220;anwaltsdatenbank.net&#8221;<\/li>\n<li>Member of the Working Group on Aliens and Asylum Law of the German Bar Association and the local working group<\/li>\n<\/ul>\n<\/td>\n<\/tr>\n<tr>\n<td valign=\"top\" width=\"25%\"><i><u>Lecturer activity:<\/u><\/i><\/td>\n<td width=\"75%\">\n<ul>\n<li>Lecturer in the specialist lawyer training for Immigration Law of the <a href=\"https:\/\/www.rav.de\/\" target=\"_blank\" rel=\"noopener\">RAV<\/a><\/li>\n<li><a href=\"http:\/\/www.vhw.de\" target=\"_blank\" rel=\"noopener\">VHW &#8211; Federal Association for Housing and Urban Development<\/a><\/li>\n<li>Welfare organizations<\/li>\n<li>Counseling centers<\/li>\n<\/ul>\n<\/td>\n<\/tr>\n<tr>\n<td valign=\"top\" width=\"25%\"><i><u>Lectures\/Seminars:<\/u><br \/>\n<span style=\"font-size: small;\"> <b>(scripts can be found <a href=\"http:\/\/jurati.de\/veroeffentlichungen\/\" target=\"_blank\" rel=\"noopener noreferrer\">here)<\/a><\/b><\/span><\/i><\/td>\n<td width=\"75%\">\n<ul>\n<li style=\"list-style-type: none;\">\n<ul>\n<li>Basics of migration law<\/li>\n<li>EU freedom of movement and public benefits for EU citizens<\/li>\n<li>Labor migration &#8211; employment of foreign workers<\/li>\n<li>Author of the chapter &#8220;Freiz\u00fcgigkeitsrecht f\u00fcr Unionsb\u00fcrger und ihre Familienangeh\u00f6rigen&#8221;<br \/>\nin <a href=\"https:\/\/www.beck-shop.de\/harbou-weizsaecker-einwanderungsrecht\/product\/30102625\" target=\"_blank\" rel=\"noopener noreferrer\">Einwanderungsrecht, von Harbou\/Weizs\u00e4cker, Beck-Verlag, 3rd edition 2025<\/a><\/li>\n<\/ul>\n<\/li>\n<\/ul>\n<\/td>\n<\/tr>\n<tr>\n<td colspan=\"2\" width=\"100%\"><i><u>Correspondence languages:<\/u><\/i> German, English, (Spanish)<\/td>\n<\/tr>\n<\/tbody>\n<\/table>\n<h6 style=\"text-align: right;\"><\/h6>\n<p>[\/vc_column_text][\/vc_column][\/vc_row][vc_row][vc_column][vc_gallery type=&#8221;image_grid&#8221; images=&#8221;2922&#8243; img_size=&#8221;150&#215;225&#8243;][\/vc_column][\/vc_row]<\/p>\n<\/div>","protected":false},"excerpt":{"rendered":"<p>[vc_row][vc_column css_animation=&#8221;none&#8221; css=&#8221;.vc_custom_1511271405417{margin-top: -30px !important;padding-top: 0px !important;}&#8221;][vc_column_text css=&#8221;&#8221;] Lawyer Sven Hasse Specialist lawyer for immigration law &nbsp; Migration law[\/vc_column_text][\/vc_column][\/vc_row][vc_row][vc_column][vc_column_text css_animation=&#8221;bounceInRight&#8221; css=&#8221;.vc_custom_1777111294234{padding-top: 20px !important;}&#8221;] 1970 Born in Dortmund 1990 A-levels in Dortmund 1992 &#8211; 1997 Studied law in Trier, Seville and Freiburg 1997 First state examination in law in Freiburg 1998 &#8211; 2000 Legal traineeship in &hellip; <\/p>\n<p class=\"link-more\"><a href=\"https:\/\/www.jurati.de\/en\/sven-hasse\/\" class=\"more-link\">Continue reading<span class=\"screen-reader-text\"> &#8220;Sven Hasse&#8221;<\/span><\/a><\/p>\n","protected":false},"author":1,"featured_media":0,"parent":0,"menu_order":0,"comment_status":"closed","ping_status":"closed","template":"","meta":{"footnotes":""},"class_list":["post-2914","page","type-page","status-publish","hentry"],"_links":{"self":[{"href":"https:\/\/www.jurati.de\/en\/wp-json\/wp\/v2\/pages\/2914","targetHints":{"allow":["GET"]}}],"collection":[{"href":"https:\/\/www.jurati.de\/en\/wp-json\/wp\/v2\/pages"}],"about":[{"href":"https:\/\/www.jurati.de\/en\/wp-json\/wp\/v2\/types\/page"}],"author":[{"embeddable":true,"href":"https:\/\/www.jurati.de\/en\/wp-json\/wp\/v2\/users\/1"}],"replies":[{"embeddable":true,"href":"https:\/\/www.jurati.de\/en\/wp-json\/wp\/v2\/comments?post=2914"}],"version-history":[{"count":16,"href":"https:\/\/www.jurati.de\/en\/wp-json\/wp\/v2\/pages\/2914\/revisions"}],"predecessor-version":[{"id":3282,"href":"https:\/\/www.jurati.de\/en\/wp-json\/wp\/v2\/pages\/2914\/revisions\/3282"}],"wp:attachment":[{"href":"https:\/\/www.jurati.de\/en\/wp-json\/wp\/v2\/media?parent=2914"}],"curies":[{"name":"wp","href":"https:\/\/api.w.org\/{rel}","templated":true}]}}